{"id":95,"date":"2020-02-16T12:54:44","date_gmt":"2020-02-16T12:54:44","guid":{"rendered":"http:\/\/tennis.sg-weiterstadt.de\/?page_id=95"},"modified":"2026-03-27T14:33:48","modified_gmt":"2026-03-27T14:33:48","slug":"arbeitseinsaetze","status":"publish","type":"page","link":"https:\/\/tennis.sg-weiterstadt.de\/?page_id=95","title":{"rendered":"Arbeitseins\u00e4tze"},"content":{"rendered":"\n<p>J\u00e4hrlich ist von allen Mitglieder &#8211; \u00e4lter als 15 (Geburtstag vor 1.4.) und j\u00fcnger als 70 (Geburtstag nach 30.9.) &#8211; ein Arbeitseinsatz von&nbsp;<strong>3 Stunden<\/strong>&nbsp;zu leisten oder alternativ f\u00fcr jede nicht geleistete Stunde ein Sonderbeitrag von je 15 \u20ac zu entrichten.<\/p>\n\n\n\n<p>Wenn vorhanden, bitte eigenes Arbeitsger\u00e4t mitbringen. Falls das nicht m\u00f6glich ist, kann auch von der Abteilung gestelltes Ger\u00e4t benutzt werden. <\/p>\n\n\n\n<p>Selbst mitzubringen ist angemessene Arbeitskleidung (bspw. Arbeitshandschuhe).<\/p>\n\n\n\n<p>Keine Anmeldung erforderlich, kommt einfach vorbei!<\/p>\n\n\n\n<hr class=\"wp-block-separator has-alpha-channel-opacity is-style-dots\"\/>\n\n\n\n<div style=\"height:0px\" aria-hidden=\"true\" class=\"wp-block-spacer\"><\/div>\n\n\n\n<h3 class=\"wp-block-heading\">Aktuelle Termine<\/h3>\n\n\n\n<p><strong>Samstag, 28. M\u00e4rz, 9-12 Uhr<\/strong><br>Vorbereitung der Sandpl\u00e4tze: Planen aufh\u00e4ngen, Schl\u00e4uche rauslegen etc. <br>&#x1f327;&#xfe0f;Ersatztermin bei Regen: Dienstag, 31.03., 17-20 Uhr<\/p>\n\n\n\n<p><strong>Samstag, 11. April, 9-12 Uhr<\/strong><br>Pflege der Au\u00dfenanlage &amp; des Tiebreaks: putzen, Unkraut entfernen etc.<br>&#x1f327;&#xfe0f; Ersatztermin bei Regen: Dienstag, 14.04., 17-20 Uhr<\/p>\n","protected":false},"excerpt":{"rendered":"<p>J\u00e4hrlich ist von allen Mitglieder &#8211; \u00e4lter als 15 (Geburtstag vor 1.4.) und j\u00fcnger als 70 (Geburtstag nach 30.9.) &#8211;&hellip;<\/p>\n","protected":false},"author":1,"featured_media":0,"parent":0,"menu_order":0,"comment_status":"closed","ping_status":"closed","template":"","meta":{"footnotes":""},"class_list":["post-95","page","type-page","status-publish","hentry"],"_links":{"self":[{"href":"https:\/\/tennis.sg-weiterstadt.de\/index.php?rest_route=\/wp\/v2\/pages\/95","targetHints":{"allow":["GET"]}}],"collection":[{"href":"https:\/\/tennis.sg-weiterstadt.de\/index.php?rest_route=\/wp\/v2\/pages"}],"about":[{"href":"https:\/\/tennis.sg-weiterstadt.de\/index.php?rest_route=\/wp\/v2\/types\/page"}],"author":[{"embeddable":true,"href":"https:\/\/tennis.sg-weiterstadt.de\/index.php?rest_route=\/wp\/v2\/users\/1"}],"replies":[{"embeddable":true,"href":"https:\/\/tennis.sg-weiterstadt.de\/index.php?rest_route=%2Fwp%2Fv2%2Fcomments&post=95"}],"version-history":[{"count":23,"href":"https:\/\/tennis.sg-weiterstadt.de\/index.php?rest_route=\/wp\/v2\/pages\/95\/revisions"}],"predecessor-version":[{"id":1841,"href":"https:\/\/tennis.sg-weiterstadt.de\/index.php?rest_route=\/wp\/v2\/pages\/95\/revisions\/1841"}],"wp:attachment":[{"href":"https:\/\/tennis.sg-weiterstadt.de\/index.php?rest_route=%2Fwp%2Fv2%2Fmedia&parent=95"}],"curies":[{"name":"wp","href":"https:\/\/api.w.org\/{rel}","templated":true}]}}