{"id":91,"date":"2020-02-16T12:48:53","date_gmt":"2020-02-16T12:48:53","guid":{"rendered":"http:\/\/tennis.sg-weiterstadt.de\/?page_id=91"},"modified":"2026-01-09T08:29:26","modified_gmt":"2026-01-09T08:29:26","slug":"mitgliedschaft","status":"publish","type":"page","link":"https:\/\/tennis.sg-weiterstadt.de\/?page_id=91","title":{"rendered":"Tennisschule Amir"},"content":{"rendered":"\n<figure class=\"wp-block-gallery aligncenter has-nested-images columns-default wp-block-gallery-1 is-layout-flex wp-block-gallery-is-layout-flex\">\n<figure class=\"wp-block-image size-full\"><img loading=\"lazy\" decoding=\"async\" width=\"627\" height=\"678\" data-id=\"1687\" src=\"https:\/\/tennis.sg-weiterstadt.de\/wp-content\/uploads\/2025\/08\/Screenshot-2025-08-24-145431.png\" alt=\"\" class=\"wp-image-1687\" srcset=\"https:\/\/tennis.sg-weiterstadt.de\/wp-content\/uploads\/2025\/08\/Screenshot-2025-08-24-145431.png 627w, https:\/\/tennis.sg-weiterstadt.de\/wp-content\/uploads\/2025\/08\/Screenshot-2025-08-24-145431-277x300.png 277w\" sizes=\"auto, (max-width: 627px) 100vw, 627px\" \/><\/figure>\n\n\n\n<figure class=\"wp-block-image size-primer-hero is-style-rounded\"><img loading=\"lazy\" decoding=\"async\" width=\"1080\" height=\"1300\" data-id=\"1710\" src=\"https:\/\/tennis.sg-weiterstadt.de\/wp-content\/uploads\/2025\/08\/Amir-3zu4-1080x1300.jpg\" alt=\"\" class=\"wp-image-1710\"\/><\/figure>\n<\/figure>\n\n\n\n<p>Ab der Wintersaison 2025 wird das Tennistraining der SG Weiterstadt von der <strong>Tennisschule Amir<\/strong> durchgef\u00fchrt. Diese ist ab sofort euer vertrauensvoller Ansprechpartner f\u00fcr alles rund um Training, Schnuppern und Tenniscamps. <\/p>\n\n\n\n<p>Um Amir etwas besser kennenzulernen, findet ihr <a href=\"https:\/\/tf24magazin3.de\/amir-reza\/\" data-type=\"link\" data-id=\"https:\/\/tf24magazin3.de\/amir-reza\/\">hier<\/a> ein kurzes Interview beim Tennis Online Magazin.<\/p>\n\n\n\n<p>Du hast Lust den Schl\u00e4ger in die Hand zu nehmen und einfach auszuprobieren, ob Tennis f\u00fcr dich der passende Sport ist? <br>Dann wende dich f\u00fcr ein <strong>Schnuppertraining<\/strong> gerne direkt an<\/p>\n\n\n\n<p>Telefon: 01624207661<br>E-Mail: <a href=\"mailto:info@ts-amir.de\">info@ts-amir.de<\/a><br>Website: <a href=\"https:\/\/www.ts-amir.de\/\">www.ts-amir.de<\/a><\/p>\n\n\n\n<figure class=\"wp-block-image size-large\"><img loading=\"lazy\" decoding=\"async\" width=\"1024\" height=\"726\" src=\"https:\/\/tennis.sg-weiterstadt.de\/wp-content\/uploads\/2025\/08\/Tennisschnuppertag-TS-Amir-1024x726.png\" alt=\"\" class=\"wp-image-1705\" srcset=\"https:\/\/tennis.sg-weiterstadt.de\/wp-content\/uploads\/2025\/08\/Tennisschnuppertag-TS-Amir-1024x726.png 1024w, https:\/\/tennis.sg-weiterstadt.de\/wp-content\/uploads\/2025\/08\/Tennisschnuppertag-TS-Amir-300x213.png 300w, https:\/\/tennis.sg-weiterstadt.de\/wp-content\/uploads\/2025\/08\/Tennisschnuppertag-TS-Amir-768x545.png 768w, https:\/\/tennis.sg-weiterstadt.de\/wp-content\/uploads\/2025\/08\/Tennisschnuppertag-TS-Amir-1536x1090.png 1536w, https:\/\/tennis.sg-weiterstadt.de\/wp-content\/uploads\/2025\/08\/Tennisschnuppertag-TS-Amir-2048x1453.png 2048w, https:\/\/tennis.sg-weiterstadt.de\/wp-content\/uploads\/2025\/08\/Tennisschnuppertag-TS-Amir-1600x1135.png 1600w\" sizes=\"auto, (max-width: 1024px) 100vw, 1024px\" \/><\/figure>\n\n\n\n<hr class=\"wp-block-separator has-alpha-channel-opacity is-style-dots\"\/>\n\n\n\n<p>F\u00fcr alle weiteren Fragen rund um den Verein und die Mitgliedschaft wende dich bitte an den Vorstand \u00fcber <a href=\"mailto:tennis@sg-weiterstadt.de\">tennis@sg-weiterstadt.de<\/a>. Schnupperanfragen an diese E-Mail-Adresse werden nicht mehr beantwortet.<\/p>\n","protected":false},"excerpt":{"rendered":"<p>Ab der Wintersaison 2025 wird das Tennistraining der SG Weiterstadt von der Tennisschule Amir durchgef\u00fchrt. Diese ist ab sofort euer&hellip;<\/p>\n","protected":false},"author":1,"featured_media":0,"parent":0,"menu_order":0,"comment_status":"closed","ping_status":"closed","template":"","meta":{"footnotes":""},"class_list":["post-91","page","type-page","status-publish","hentry"],"_links":{"self":[{"href":"https:\/\/tennis.sg-weiterstadt.de\/index.php?rest_route=\/wp\/v2\/pages\/91","targetHints":{"allow":["GET"]}}],"collection":[{"href":"https:\/\/tennis.sg-weiterstadt.de\/index.php?rest_route=\/wp\/v2\/pages"}],"about":[{"href":"https:\/\/tennis.sg-weiterstadt.de\/index.php?rest_route=\/wp\/v2\/types\/page"}],"author":[{"embeddable":true,"href":"https:\/\/tennis.sg-weiterstadt.de\/index.php?rest_route=\/wp\/v2\/users\/1"}],"replies":[{"embeddable":true,"href":"https:\/\/tennis.sg-weiterstadt.de\/index.php?rest_route=%2Fwp%2Fv2%2Fcomments&post=91"}],"version-history":[{"count":6,"href":"https:\/\/tennis.sg-weiterstadt.de\/index.php?rest_route=\/wp\/v2\/pages\/91\/revisions"}],"predecessor-version":[{"id":1793,"href":"https:\/\/tennis.sg-weiterstadt.de\/index.php?rest_route=\/wp\/v2\/pages\/91\/revisions\/1793"}],"wp:attachment":[{"href":"https:\/\/tennis.sg-weiterstadt.de\/index.php?rest_route=%2Fwp%2Fv2%2Fmedia&parent=91"}],"curies":[{"name":"wp","href":"https:\/\/api.w.org\/{rel}","templated":true}]}}