{"id":81,"date":"2020-02-16T12:27:02","date_gmt":"2020-02-16T12:27:02","guid":{"rendered":"http:\/\/tennis.sg-weiterstadt.de\/?page_id=81"},"modified":"2022-06-05T19:00:36","modified_gmt":"2022-06-05T19:00:36","slug":"die-tennisanlage","status":"publish","type":"page","link":"https:\/\/tennis.sg-weiterstadt.de\/?page_id=81","title":{"rendered":"Die Tennisanlage"},"content":{"rendered":"\n<figure class=\"wp-block-video\"><video height=\"1080\" style=\"aspect-ratio: 1920 \/ 1080;\" width=\"1920\" controls src=\"https:\/\/tennis.sg-weiterstadt.de\/wp-content\/uploads\/2020\/11\/Tennis.mp4\"><\/video><figcaption>Ein Ausschnitt unserer sch\u00f6nen Anlage<\/figcaption><\/figure>\n\n\n\n<div class=\"wp-block-media-text alignwide is-stacked-on-mobile\"><figure class=\"wp-block-media-text__media\"><img loading=\"lazy\" decoding=\"async\" width=\"200\" height=\"150\" src=\"https:\/\/tennis.sg-weiterstadt.de\/wp-content\/uploads\/2020\/02\/Bild01-2-1.jpg\" alt=\"\" class=\"wp-image-83 size-full\"\/><\/figure><div class=\"wp-block-media-text__content\">\n<p class=\"has-normal-font-size\">Unsere ausgedehnte Tennisanlage besteht zur Zeit aus 12 Sandpl\u00e4tzen, davon 8 mit Flutlicht, sowie 6 Hallenfeldern verteilt auf 2 Tennishallen. Inmitten des Sportparks &#8222;Am Aulenberg&#8220; findet sowohl der Hobby- als auch der Wettkampfspieler ideale Bedingungen f\u00fcr Freizeit und Training.<br><\/p>\n<\/div><\/div>\n\n\n\n<div class=\"wp-block-media-text alignwide is-stacked-on-mobile\"><figure class=\"wp-block-media-text__media\"><img loading=\"lazy\" decoding=\"async\" width=\"200\" height=\"150\" src=\"https:\/\/tennis.sg-weiterstadt.de\/wp-content\/uploads\/2020\/02\/Bild02.jpg\" alt=\"\" class=\"wp-image-84 size-full\"\/><\/figure><div class=\"wp-block-media-text__content\">\n<p>1976 ging die Au\u00dfenanlage mit zun\u00e4chst 4&nbsp;Pl\u00e4tzen in Betrieb. In den Jahren 1977, 1979 und 1986 wurde aber um jeweils 4&nbsp;auf insgesamt 16&nbsp;Pl\u00e4tze erweitert.&nbsp;Die Tennis-\u00c4ra der deutschen Top-Spieler Boris&nbsp;Becker u. Steffi&nbsp;Graf beg\u00fcnstigte diesen erfreulichen Trend. Inzwischen trug man jedoch dem erh\u00f6hten Raumbedarf des angrenzenden Schulzentrums Rechnung und stellte 4&nbsp;Pl\u00e4tze als Bebauungsfl\u00e4che zur Verf\u00fcgung.<\/p>\n\n\n\n<p>Im Gegenzug entstanden zu den urspr\u00fcnglich 3 Hallenfeldern der ersten, 1979 erbauten Tennishalle, 4 weitere wintertaugliche Spielfl\u00e4chen in der Tennishalle des neuen Sportzentrums, das 1990 fertig gestellt wurde.<br>Seit 2003 befinden sich in der &#8222;Alten-Tennishalle&#8220; nur noch 2 bespielbare Tennispl\u00e4tze. Der Grund ist ein Umbau eines Platzes, der neue R\u00e4umlichkeiten f\u00fcr das Fitnessstudio und weiteren zwei Tanz- und Multifunktionsr\u00e4ume, auf zwei Ebenen, erm\u00f6glicht hat.<\/p>\n<\/div><\/div>\n\n\n\n<div class=\"wp-block-media-text alignwide is-stacked-on-mobile\"><figure class=\"wp-block-media-text__media\"><img loading=\"lazy\" decoding=\"async\" width=\"200\" height=\"150\" src=\"https:\/\/tennis.sg-weiterstadt.de\/wp-content\/uploads\/2020\/02\/Bild03.jpg\" alt=\"\" class=\"wp-image-86 size-full\"\/><\/figure><div class=\"wp-block-media-text__content\">\n<p>Die Au\u00dfenanlage wird von ca. Mitte Oktober bis Mitte April &#8222;eingewintert&#8220;. In dieser Zeit k\u00f6nnen ausschlie\u00dflich die Hallenpl\u00e4tze belegt werden. In den Sommer-Monaten werden die Sandpl\u00e4tze Nachts durch eine automatische Bew\u00e4sserungsanlage feucht gehalten.&nbsp;&nbsp;<\/p>\n\n\n\n<p>Zum \u00dcben wenn mal kein Partner zur Verf\u00fcgung ist, gibt es ein separates Feld mit Ballwand. <br><\/p>\n<\/div><\/div>\n\n\n\n<div class=\"wp-block-media-text alignwide is-stacked-on-mobile\"><figure class=\"wp-block-media-text__media\"><img loading=\"lazy\" decoding=\"async\" width=\"200\" height=\"150\" src=\"https:\/\/tennis.sg-weiterstadt.de\/wp-content\/uploads\/2020\/02\/Bild04.jpg\" alt=\"\" class=\"wp-image-87 size-full\"\/><\/figure><div class=\"wp-block-media-text__content\">\n<p>Gesellige Anl\u00e4sse begeht man stilgerecht im Raum Tiebreak der Tennisabteilung. Auf dem Gel\u00e4nde befindet sich aber auch eine &#8222;Tennish\u00fctte&#8220;, die auch allen anderen SGW-Abteilungen offen steht. Seit 2003 ist diese Tennish\u00fctte ebenso f\u00fcr private Nutzung freigegeben.<\/p>\n\n\n\n<p>Platzbuchungen sowie Infos und Terminabsprachen zur Tennish\u00fctte bitte bei der Gesch\u00e4ftsstelle der SGW unter Tel.:&nbsp;06150-96100.<\/p>\n<\/div><\/div>\n\n\n\n<hr class=\"wp-block-separator is-style-dots\"\/>\n\n\n\n<h3 class=\"wp-block-heading\">Tennisbezirk<\/h3>\n\n\n\n<p>An 3 Wochentagen h\u00e4lt der Tennisbezirk Darmstadt auf unserer Anlage das Training des Jugend-Leistungszentrums ab und ist ebenso mit Gesch\u00e4ftsr\u00e4umen vertreten. N\u00e4here Infos hierzu beim 1.&nbsp;Vorsitzenden des Tennisbezirks Darmstadt: Steffen Hahn<br>Tel.: 06151\/503 762<br>Fax; 06151\/503 774<br>Mail: hahns@gmx.de<\/p>\n","protected":false},"excerpt":{"rendered":"<p>Unsere ausgedehnte Tennisanlage besteht zur Zeit aus 12 Sandpl\u00e4tzen, davon 8 mit Flutlicht, sowie 6 Hallenfeldern verteilt auf 2 Tennishallen.&hellip;<\/p>\n","protected":false},"author":1,"featured_media":0,"parent":2,"menu_order":0,"comment_status":"closed","ping_status":"closed","template":"","meta":{"footnotes":""},"class_list":["post-81","page","type-page","status-publish","hentry"],"_links":{"self":[{"href":"https:\/\/tennis.sg-weiterstadt.de\/index.php?rest_route=\/wp\/v2\/pages\/81","targetHints":{"allow":["GET"]}}],"collection":[{"href":"https:\/\/tennis.sg-weiterstadt.de\/index.php?rest_route=\/wp\/v2\/pages"}],"about":[{"href":"https:\/\/tennis.sg-weiterstadt.de\/index.php?rest_route=\/wp\/v2\/types\/page"}],"author":[{"embeddable":true,"href":"https:\/\/tennis.sg-weiterstadt.de\/index.php?rest_route=\/wp\/v2\/users\/1"}],"replies":[{"embeddable":true,"href":"https:\/\/tennis.sg-weiterstadt.de\/index.php?rest_route=%2Fwp%2Fv2%2Fcomments&post=81"}],"version-history":[{"count":0,"href":"https:\/\/tennis.sg-weiterstadt.de\/index.php?rest_route=\/wp\/v2\/pages\/81\/revisions"}],"up":[{"embeddable":true,"href":"https:\/\/tennis.sg-weiterstadt.de\/index.php?rest_route=\/wp\/v2\/pages\/2"}],"wp:attachment":[{"href":"https:\/\/tennis.sg-weiterstadt.de\/index.php?rest_route=%2Fwp%2Fv2%2Fmedia&parent=81"}],"curies":[{"name":"wp","href":"https:\/\/api.w.org\/{rel}","templated":true}]}}