{"id":618,"date":"2022-03-20T18:42:30","date_gmt":"2022-03-20T18:42:30","guid":{"rendered":"https:\/\/tennis.sg-weiterstadt.de\/?page_id=618"},"modified":"2024-02-07T13:29:36","modified_gmt":"2024-02-07T13:29:36","slug":"vereinsgaststaette","status":"publish","type":"page","link":"https:\/\/tennis.sg-weiterstadt.de\/?page_id=618","title":{"rendered":"Vereinsgastst\u00e4tte"},"content":{"rendered":"\n<h2 class=\"wp-block-heading\">Restaurant &#8222;Aulenberg&#8220;<\/h2>\n\n\n\n<p>Bereits seit mehr als 20 Jahren erfreut uns das Restaurant &#8222;Aulenberg&#8220; als Vereinsgastst\u00e4tte mit kroatischen und internationalen Spezialit\u00e4ten. Von der sonnigen Terrasse kann man wunderbar spannende Matches auf den Center-Courts beobachten, w\u00e4hrend man ein hervorragendes Schnitzel genie\u00dft oder entspannt eine gute Tasse Kaffee trinkt.<\/p>\n\n\n\n<p>Weitere Infos und die Speisekarte findest du <a rel=\"noreferrer noopener\" href=\"https:\/\/aulenberg-weiterstadt.de\/\" data-type=\"URL\" data-id=\"https:\/\/aulenberg-weiterstadt.de\/\" target=\"_blank\">hier<\/a>.<\/p>\n\n\n\n<div style=\"height:30px\" aria-hidden=\"true\" class=\"wp-block-spacer\"><\/div>\n\n\n\n<div class=\"wp-block-group\"><div class=\"wp-block-group__inner-container is-layout-flow wp-block-group-is-layout-flow\">\n<div class=\"wp-block-columns is-layout-flex wp-container-core-columns-is-layout-9d6595d7 wp-block-columns-is-layout-flex\">\n<div class=\"wp-block-column is-layout-flow wp-block-column-is-layout-flow\"><div class=\"wp-block-image is-style-default\">\n<figure class=\"alignleft size-medium\"><img loading=\"lazy\" decoding=\"async\" width=\"188\" height=\"300\" src=\"https:\/\/tennis.sg-weiterstadt.de\/wp-content\/uploads\/2022\/03\/Latte_Terrasse-2-edited-188x300.jpg\" alt=\"\" class=\"wp-image-640\" srcset=\"https:\/\/tennis.sg-weiterstadt.de\/wp-content\/uploads\/2022\/03\/Latte_Terrasse-2-edited-188x300.jpg 188w, https:\/\/tennis.sg-weiterstadt.de\/wp-content\/uploads\/2022\/03\/Latte_Terrasse-2-edited.jpg 469w\" sizes=\"auto, (max-width: 188px) 100vw, 188px\" \/><\/figure>\n<\/div><\/div>\n\n\n\n<div class=\"wp-block-column is-layout-flow wp-block-column-is-layout-flow\" style=\"flex-basis:60%\">\n<div style=\"height:25px\" aria-hidden=\"true\" class=\"wp-block-spacer\"><\/div>\n\n\n<div class=\"wp-block-image is-style-default\">\n<figure class=\"alignleft size-medium\"><img loading=\"lazy\" decoding=\"async\" width=\"300\" height=\"225\" src=\"https:\/\/tennis.sg-weiterstadt.de\/wp-content\/uploads\/2022\/03\/Schnitzel_Terrasse-1-300x225.jpg\" alt=\"\" class=\"wp-image-629\" srcset=\"https:\/\/tennis.sg-weiterstadt.de\/wp-content\/uploads\/2022\/03\/Schnitzel_Terrasse-1-300x225.jpg 300w, https:\/\/tennis.sg-weiterstadt.de\/wp-content\/uploads\/2022\/03\/Schnitzel_Terrasse-1-768x576.jpg 768w, https:\/\/tennis.sg-weiterstadt.de\/wp-content\/uploads\/2022\/03\/Schnitzel_Terrasse-1.jpg 960w\" sizes=\"auto, (max-width: 300px) 100vw, 300px\" \/><figcaption class=\"wp-element-caption\">Schnitzel Dubrovnik<\/figcaption><\/figure>\n<\/div><\/div>\n<\/div>\n<\/div><\/div>\n\n\n\n<div style=\"height:25px\" aria-hidden=\"true\" class=\"wp-block-spacer\"><\/div>\n\n\n\n<div class=\"wp-block-group\"><div class=\"wp-block-group__inner-container is-layout-flow wp-block-group-is-layout-flow\">\n<div class=\"wp-block-group\"><div class=\"wp-block-group__inner-container is-layout-flow wp-block-group-is-layout-flow\">\n<div class=\"wp-block-group\"><div class=\"wp-block-group__inner-container is-layout-flow wp-block-group-is-layout-flow\">\n<div class=\"wp-block-group\"><div class=\"wp-block-group__inner-container is-layout-flow wp-block-group-is-layout-flow\">\n<div class=\"wp-block-columns is-layout-flex wp-container-core-columns-is-layout-9d6595d7 wp-block-columns-is-layout-flex\">\n<div class=\"wp-block-column is-layout-flow wp-block-column-is-layout-flow\" style=\"flex-basis:60%\">\n<h3 class=\"wp-block-heading\">\u00d6ffnungszeiten<\/h3>\n\n\n\n<div class=\"wp-block-group\"><div class=\"wp-block-group__inner-container is-layout-flow wp-block-group-is-layout-flow\">\n<p>Montag bis Samstag: 16.00-00.00 Uhr<\/p>\n\n\n\n<p>Sonn- &amp; Feiertage: 11.30-14.30 und 17.00-22.00 Uhr<\/p>\n\n\n\n<p>Dienstag: Ruhetag<\/p>\n<\/div><\/div>\n<\/div>\n\n\n\n<div class=\"wp-block-column is-layout-flow wp-block-column-is-layout-flow\">\n<h3 class=\"wp-block-heading\">Adresse<\/h3>\n\n\n\n<div class=\"wp-block-group\"><div class=\"wp-block-group__inner-container is-layout-flow wp-block-group-is-layout-flow\">\n<p>Am Aulenberg 2<\/p>\n\n\n\n<p>64331 Weiterstadt<\/p>\n\n\n\n<p>Telefon: 06150 \/ 40723<\/p>\n<\/div><\/div>\n<\/div>\n<\/div>\n<\/div><\/div>\n<\/div><\/div>\n<\/div><\/div>\n<\/div><\/div>\n\n\n\n<p><\/p>\n","protected":false},"excerpt":{"rendered":"<p>Restaurant &#8222;Aulenberg&#8220; Bereits seit mehr als 20 Jahren erfreut uns das Restaurant &#8222;Aulenberg&#8220; als Vereinsgastst\u00e4tte mit kroatischen und internationalen Spezialit\u00e4ten.&hellip;<\/p>\n","protected":false},"author":1,"featured_media":0,"parent":0,"menu_order":0,"comment_status":"closed","ping_status":"closed","template":"","meta":{"footnotes":""},"class_list":["post-618","page","type-page","status-publish","hentry"],"_links":{"self":[{"href":"https:\/\/tennis.sg-weiterstadt.de\/index.php?rest_route=\/wp\/v2\/pages\/618","targetHints":{"allow":["GET"]}}],"collection":[{"href":"https:\/\/tennis.sg-weiterstadt.de\/index.php?rest_route=\/wp\/v2\/pages"}],"about":[{"href":"https:\/\/tennis.sg-weiterstadt.de\/index.php?rest_route=\/wp\/v2\/types\/page"}],"author":[{"embeddable":true,"href":"https:\/\/tennis.sg-weiterstadt.de\/index.php?rest_route=\/wp\/v2\/users\/1"}],"replies":[{"embeddable":true,"href":"https:\/\/tennis.sg-weiterstadt.de\/index.php?rest_route=%2Fwp%2Fv2%2Fcomments&post=618"}],"version-history":[{"count":1,"href":"https:\/\/tennis.sg-weiterstadt.de\/index.php?rest_route=\/wp\/v2\/pages\/618\/revisions"}],"predecessor-version":[{"id":1329,"href":"https:\/\/tennis.sg-weiterstadt.de\/index.php?rest_route=\/wp\/v2\/pages\/618\/revisions\/1329"}],"wp:attachment":[{"href":"https:\/\/tennis.sg-weiterstadt.de\/index.php?rest_route=%2Fwp%2Fv2%2Fmedia&parent=618"}],"curies":[{"name":"wp","href":"https:\/\/api.w.org\/{rel}","templated":true}]}}