{"id":52,"date":"2020-01-26T16:12:27","date_gmt":"2020-01-26T16:12:27","guid":{"rendered":"http:\/\/tennis.sg-weiterstadt.de\/?page_id=52"},"modified":"2026-04-27T18:13:45","modified_gmt":"2026-04-27T18:13:45","slug":"tennis-fuer-jedermann","status":"publish","type":"page","link":"https:\/\/tennis.sg-weiterstadt.de\/","title":{"rendered":"Tennis f\u00fcr Jedermann"},"content":{"rendered":"\n<h2 class=\"wp-block-heading has-text-align-center\">Willkommen bei der Abteilung Tennis der SG Weiterstadt!<\/h2>\n\n\n\n<figure class=\"wp-block-image size-primer-featured is-style-default\"><img loading=\"lazy\" decoding=\"async\" width=\"1600\" height=\"900\" src=\"https:\/\/tennis.sg-weiterstadt.de\/wp-content\/uploads\/2026\/04\/Gruppenbild-16-9-1600x900.jpg\" alt=\"\" class=\"wp-image-1853\" srcset=\"https:\/\/tennis.sg-weiterstadt.de\/wp-content\/uploads\/2026\/04\/Gruppenbild-16-9-1600x900.jpg 1600w, https:\/\/tennis.sg-weiterstadt.de\/wp-content\/uploads\/2026\/04\/Gruppenbild-16-9-300x169.jpg 300w, https:\/\/tennis.sg-weiterstadt.de\/wp-content\/uploads\/2026\/04\/Gruppenbild-16-9-1024x576.jpg 1024w, https:\/\/tennis.sg-weiterstadt.de\/wp-content\/uploads\/2026\/04\/Gruppenbild-16-9-768x432.jpg 768w, https:\/\/tennis.sg-weiterstadt.de\/wp-content\/uploads\/2026\/04\/Gruppenbild-16-9-1536x864.jpg 1536w, https:\/\/tennis.sg-weiterstadt.de\/wp-content\/uploads\/2026\/04\/Gruppenbild-16-9-2048x1152.jpg 2048w\" sizes=\"auto, (max-width: 1600px) 100vw, 1600px\" \/><\/figure>\n\n\n\n<p>Egal wer, ob Freizeit- oder Turnierspieler, bei uns findet jeder f\u00fcr sich den richtigen Rahmen, um mit Spa\u00df Tennis zu spielen. <br><br>Du hast Fragen rund um die Themen Mitgliedschaft und Verein? Dann wende dich mit einer kurzen Mail an unseren <a href=\"mailto:tennis@sg-weiterstadt.de\" data-type=\"mailto\" data-id=\"mailto:tennis@sg-weiterstadt.de\">Vorstand<\/a>.<br>F\u00fcr alle Fragen rund ums <strong>Schnuppern, Training und Tenniscamps<\/strong> wende dich bitte direkt an die <a href=\"https:\/\/tennis.sg-weiterstadt.de\/?page_id=91\" data-type=\"page\" data-id=\"91\">Tennisschule Amir<\/a>.<\/p>\n\n\n\n<p>Regelm\u00e4\u00dfig finden gemeinsame Turniere und Veranstaltungen f\u00fcr alle Mitglieder statt. Dabei steht vor allem der Spa\u00df im Vordergrund.<br>F\u00fcr Spieler, die sich im Wettbewerb mit anderen Vereinen messen wollen, findet sich sicher ein Platz in einer unserer  Jugend- oder Aktivenmannschaften. Auch interne Vereinsmeisterschaften werden regelm\u00e4\u00dfig ausgetragen.<\/p>\n\n\n\n<p>F\u00fcr Kinder und Jugendliche finden ebenfalls mehrmals im Jahr eigene Veranstaltungen auf dem Platz und auch abseits davon statt.<\/p>\n\n\n\n<p>Auf 12 Au\u00dfen- und 6 Hallenpl\u00e4tzen bieten sich beste Bedingungen, um das ganze Jahr \u00fcber Tennis zu spielen.<\/p>\n\n\n\n<p>Die <a href=\"https:\/\/tennis.sg-weiterstadt.de\/?page_id=91\" data-type=\"page\" data-id=\"91\"><strong>Tennisschule Amir<\/strong><\/a> mit seinen <a href=\"https:\/\/tennis.sg-weiterstadt.de\/?page_id=67\">Trainern<\/a> helfen jedem Spieler gerne, seine sportlichen Ziele zu erreichen.<\/p>\n\n\n\n<figure class=\"wp-block-video\"><video height=\"1080\" style=\"aspect-ratio: 1920 \/ 1080;\" width=\"1920\" controls src=\"https:\/\/tennis.sg-weiterstadt.de\/wp-content\/uploads\/2020\/11\/Tennis.mp4\"><\/video><\/figure>\n\n\n\n<p><\/p>\n","protected":false},"excerpt":{"rendered":"<p>Willkommen bei der Abteilung Tennis der SG Weiterstadt! Egal wer, ob Freizeit- oder Turnierspieler, bei uns findet jeder f\u00fcr sich&hellip;<\/p>\n","protected":false},"author":1,"featured_media":0,"parent":0,"menu_order":0,"comment_status":"closed","ping_status":"closed","template":"","meta":{"footnotes":""},"class_list":["post-52","page","type-page","status-publish","hentry"],"_links":{"self":[{"href":"https:\/\/tennis.sg-weiterstadt.de\/index.php?rest_route=\/wp\/v2\/pages\/52","targetHints":{"allow":["GET"]}}],"collection":[{"href":"https:\/\/tennis.sg-weiterstadt.de\/index.php?rest_route=\/wp\/v2\/pages"}],"about":[{"href":"https:\/\/tennis.sg-weiterstadt.de\/index.php?rest_route=\/wp\/v2\/types\/page"}],"author":[{"embeddable":true,"href":"https:\/\/tennis.sg-weiterstadt.de\/index.php?rest_route=\/wp\/v2\/users\/1"}],"replies":[{"embeddable":true,"href":"https:\/\/tennis.sg-weiterstadt.de\/index.php?rest_route=%2Fwp%2Fv2%2Fcomments&post=52"}],"version-history":[{"count":4,"href":"https:\/\/tennis.sg-weiterstadt.de\/index.php?rest_route=\/wp\/v2\/pages\/52\/revisions"}],"predecessor-version":[{"id":1854,"href":"https:\/\/tennis.sg-weiterstadt.de\/index.php?rest_route=\/wp\/v2\/pages\/52\/revisions\/1854"}],"wp:attachment":[{"href":"https:\/\/tennis.sg-weiterstadt.de\/index.php?rest_route=%2Fwp%2Fv2%2Fmedia&parent=52"}],"curies":[{"name":"wp","href":"https:\/\/api.w.org\/{rel}","templated":true}]}}