{"id":24,"date":"2020-02-16T11:59:11","date_gmt":"2020-02-16T11:59:11","guid":{"rendered":"http:\/\/tennis.sg-weiterstadt.de\/?page_id=24"},"modified":"2023-10-29T06:49:19","modified_gmt":"2023-10-29T06:49:19","slug":"impressum","status":"publish","type":"page","link":"https:\/\/tennis.sg-weiterstadt.de\/?page_id=24","title":{"rendered":"Impressum"},"content":{"rendered":"\n<p>Vereinsanschrift: <br>Sportgemeinde 1886 e.V. Weiterstadt<br>Am Aulenberg 2-10<br>64331 Weiterstadt<\/p>\n\n\n\n<p>Telefon: +49 6150 9610-0<br>Telefax: +49 6150 9610-17<br>E-Mail: verwaltung@diesportgemeinde.de<\/p>\n\n\n\n<p>Vertretungsberechtigter Vorstand:<br>1. Vorsitzender Michael Gie\u00dfelbach<br>2. Vorsitzende Christiane Greifenstein<br>Rechner Sebastian Sehlbach<br><br>Registergericht: Amtsgericht Darmstadt<br>Register-Nr.: 8 VR 1003<br>Inhaltlicher Verantwortlicher: Abteilungsvorstand der Abteilung Tennis<\/p>\n\n\n\n<p><strong>Haftungshinweis:<\/strong><br>Bei direkten oder indirekten Verweisen auf fremde Webseiten (&#8222;Hyperlinks&#8220;), sind ausschlie\u00dflich deren Betreiber f\u00fcr den Inhalt verantwortlich. Der Autor erkl\u00e4rt hiermit ausdr\u00fccklich, dass zum Zeitpunkt der Linksetzung keine illegalen Inhalte auf den verlinkten Seiten erkennbar waren. Auf die aktuelle und zuk\u00fcnftige Gestaltung, die Inhalte oder die Urheberschaft der verlinkten\/verkn\u00fcpften Seiten hat der Autor keinerlei Einfluss. Deshalb distanziert er sich hiermit ausdr\u00fccklich von allen Inhalten aller verlinkten\/verkn\u00fcpften Seiten. Diese Feststellung gilt f\u00fcr alle innerhalb des eigenen Internetangebotes gesetzten Links und Verweise sowie f\u00fcr Fremdeintr\u00e4ge in vom Autor eingerichteten G\u00e4steb\u00fcchern, Diskussionsforen, Linkverzeichnissen, Mailinglisten und in allen anderen Formen von Datenbanken, auf deren Inhalt externe Schreibzugriffe m\u00f6glich sind. F\u00fcr illegale, fehlerhafte oder unvollst\u00e4ndige Inhalte und insbesondere f\u00fcr Sch\u00e4den, die aus der Nutzung oder Nichtnutzung solcherart dargebotener Informationen entstehen, haftet allein der Anbieter der Seite, auf welche verwiesen wurde, nicht derjenige, der \u00fcber Links auf die jeweilige Ver\u00f6ffentlichung lediglich verweist. Trotz aller Bem\u00fchungen unsererseits, alle unerw\u00fcnschten Beitr\u00e4ge und Nachrichten von diesem Forum fernzuhalten, ist es nicht m\u00f6glich diese unmittelbar und zeitnah zu kontrollieren und \/ oder zu verhindern.<\/p>\n\n\n\n<p>Schadensanspr\u00fcche aus evtl. unbeabsichtigten&nbsp; Fehlangaben, Terminen usw. werden ausgeschlossen.<\/p>\n\n\n\n<p>Nutzung der Internetseiten auf eigene Gefahr und Verantwortung<\/p>\n\n\n\n<p>Die Inhalte der Seiten haben nicht den Anspruch auf Tagesaktualit\u00e4t.<\/p>\n","protected":false},"excerpt":{"rendered":"<p>Vereinsanschrift: Sportgemeinde 1886 e.V. WeiterstadtAm Aulenberg 2-1064331 Weiterstadt Telefon: +49 6150 9610-0Telefax: +49 6150 9610-17E-Mail: verwaltung@diesportgemeinde.de Vertretungsberechtigter Vorstand:1. Vorsitzender Michael&hellip;<\/p>\n","protected":false},"author":1,"featured_media":0,"parent":0,"menu_order":0,"comment_status":"closed","ping_status":"closed","template":"","meta":{"footnotes":""},"class_list":["post-24","page","type-page","status-publish","hentry"],"_links":{"self":[{"href":"https:\/\/tennis.sg-weiterstadt.de\/index.php?rest_route=\/wp\/v2\/pages\/24","targetHints":{"allow":["GET"]}}],"collection":[{"href":"https:\/\/tennis.sg-weiterstadt.de\/index.php?rest_route=\/wp\/v2\/pages"}],"about":[{"href":"https:\/\/tennis.sg-weiterstadt.de\/index.php?rest_route=\/wp\/v2\/types\/page"}],"author":[{"embeddable":true,"href":"https:\/\/tennis.sg-weiterstadt.de\/index.php?rest_route=\/wp\/v2\/users\/1"}],"replies":[{"embeddable":true,"href":"https:\/\/tennis.sg-weiterstadt.de\/index.php?rest_route=%2Fwp%2Fv2%2Fcomments&post=24"}],"version-history":[{"count":2,"href":"https:\/\/tennis.sg-weiterstadt.de\/index.php?rest_route=\/wp\/v2\/pages\/24\/revisions"}],"predecessor-version":[{"id":1243,"href":"https:\/\/tennis.sg-weiterstadt.de\/index.php?rest_route=\/wp\/v2\/pages\/24\/revisions\/1243"}],"wp:attachment":[{"href":"https:\/\/tennis.sg-weiterstadt.de\/index.php?rest_route=%2Fwp%2Fv2%2Fmedia&parent=24"}],"curies":[{"name":"wp","href":"https:\/\/api.w.org\/{rel}","templated":true}]}}