{"id":2,"date":"2016-05-10T03:48:21","date_gmt":"2016-05-10T03:48:21","guid":{"rendered":"http:\/\/tennis.sg-weiterstadt.de\/?page_id=2"},"modified":"2022-03-18T19:47:11","modified_gmt":"2022-03-18T19:47:11","slug":"sample-page","status":"publish","type":"page","link":"https:\/\/tennis.sg-weiterstadt.de\/?page_id=2","title":{"rendered":"\u00dcber uns"},"content":{"rendered":"\n<p>Auf den folgenden Seiten erf\u00e4hrst du mehr \u00fcber die Abteilung Tennis, z.B. unser Trainerteam und den Vorstand. Sprich uns f\u00fcr Anregungen oder Fragen gerne auf der Anlage an. <\/p>\n","protected":false},"excerpt":{"rendered":"<p>Auf den folgenden Seiten erf\u00e4hrst du mehr \u00fcber die Abteilung Tennis, z.B. unser Trainerteam und den Vorstand. Sprich uns f\u00fcr&hellip;<\/p>\n","protected":false},"author":1,"featured_media":0,"parent":0,"menu_order":0,"comment_status":"closed","ping_status":"closed","template":"","meta":{"footnotes":""},"class_list":["post-2","page","type-page","status-publish","hentry"],"_links":{"self":[{"href":"https:\/\/tennis.sg-weiterstadt.de\/index.php?rest_route=\/wp\/v2\/pages\/2","targetHints":{"allow":["GET"]}}],"collection":[{"href":"https:\/\/tennis.sg-weiterstadt.de\/index.php?rest_route=\/wp\/v2\/pages"}],"about":[{"href":"https:\/\/tennis.sg-weiterstadt.de\/index.php?rest_route=\/wp\/v2\/types\/page"}],"author":[{"embeddable":true,"href":"https:\/\/tennis.sg-weiterstadt.de\/index.php?rest_route=\/wp\/v2\/users\/1"}],"replies":[{"embeddable":true,"href":"https:\/\/tennis.sg-weiterstadt.de\/index.php?rest_route=%2Fwp%2Fv2%2Fcomments&post=2"}],"version-history":[{"count":0,"href":"https:\/\/tennis.sg-weiterstadt.de\/index.php?rest_route=\/wp\/v2\/pages\/2\/revisions"}],"wp:attachment":[{"href":"https:\/\/tennis.sg-weiterstadt.de\/index.php?rest_route=%2Fwp%2Fv2%2Fmedia&parent=2"}],"curies":[{"name":"wp","href":"https:\/\/api.w.org\/{rel}","templated":true}]}}