{"id":1671,"date":"2025-08-19T16:34:41","date_gmt":"2025-08-19T16:34:41","guid":{"rendered":"https:\/\/tennis.sg-weiterstadt.de\/?page_id=1671"},"modified":"2026-03-15T09:06:16","modified_gmt":"2026-03-15T09:06:16","slug":"archiv-2025","status":"publish","type":"page","link":"https:\/\/tennis.sg-weiterstadt.de\/?page_id=1671","title":{"rendered":"Archiv 2025"},"content":{"rendered":"\n<h3 class=\"wp-block-heading\">Night-Fun-Turnier 2025<\/h3>\n\n\n<div class=\"wp-block-image\">\n<figure class=\"aligncenter size-large is-resized\"><img loading=\"lazy\" decoding=\"async\" width=\"1024\" height=\"768\" src=\"https:\/\/tennis.sg-weiterstadt.de\/wp-content\/uploads\/2026\/01\/NF-2025-1024x768.jpg\" alt=\"\" class=\"wp-image-1794\" style=\"width:621px;height:auto\" srcset=\"https:\/\/tennis.sg-weiterstadt.de\/wp-content\/uploads\/2026\/01\/NF-2025-1024x768.jpg 1024w, https:\/\/tennis.sg-weiterstadt.de\/wp-content\/uploads\/2026\/01\/NF-2025-300x225.jpg 300w, https:\/\/tennis.sg-weiterstadt.de\/wp-content\/uploads\/2026\/01\/NF-2025-768x576.jpg 768w, https:\/\/tennis.sg-weiterstadt.de\/wp-content\/uploads\/2026\/01\/NF-2025-1536x1152.jpg 1536w, https:\/\/tennis.sg-weiterstadt.de\/wp-content\/uploads\/2026\/01\/NF-2025.jpg 1600w\" sizes=\"auto, (max-width: 1024px) 100vw, 1024px\" \/><\/figure>\n<\/div>\n\n\n<p>Etwa 15 Kinder und Jugendliche haben am 16. Dezember vor der Weihnachtspause den Hallenboden nochmal ordentlich aufgewirbelt! In bunt gemischten Kombinationen wurde gematcht, wobei der Spa\u00df eindeutig im Vordergrund steht.<br>Hierbei wurde unser <strong>Cheftrainer Amir<\/strong> von Jonas unterst\u00fctzt.<br>Im Anschluss gab es f\u00fcr alle Teilnehmenden noch einen kleinen <strong>Pokal<\/strong>, denn beim Night-Fun-Turnier hei\u00dft es: dabei sein ist alles!<\/p>\n\n\n\n<hr class=\"wp-block-separator has-alpha-channel-opacity is-style-dots\"\/>\n\n\n\n<h3 class=\"wp-block-heading\">Veranstaltungen in 2025<\/h3>\n\n\n\n<p>Kalender raus und Stifte spitzen: die gro\u00dfen Veranstaltungstermine f\u00fcr dieses Jahr stehen fest!&nbsp;<\/p>\n\n\n\n<div class=\"wp-block-media-text alignwide is-stacked-on-mobile\" style=\"grid-template-columns:30% auto\"><figure class=\"wp-block-media-text__media\"><img loading=\"lazy\" decoding=\"async\" width=\"635\" height=\"635\" src=\"https:\/\/tennis.sg-weiterstadt.de\/wp-content\/uploads\/2022\/03\/Kalender_hellrot.jpg\" alt=\"\" class=\"wp-image-525 size-full\" srcset=\"https:\/\/tennis.sg-weiterstadt.de\/wp-content\/uploads\/2022\/03\/Kalender_hellrot.jpg 635w, https:\/\/tennis.sg-weiterstadt.de\/wp-content\/uploads\/2022\/03\/Kalender_hellrot-300x300.jpg 300w, https:\/\/tennis.sg-weiterstadt.de\/wp-content\/uploads\/2022\/03\/Kalender_hellrot-150x150.jpg 150w\" sizes=\"auto, (max-width: 635px) 100vw, 635px\" \/><\/figure><div class=\"wp-block-media-text__content\">\n<p style=\"font-size:16px\"><strong>26. April:<\/strong> Saisoner\u00f6ffnung unter dem Motto &#8222;Deutschland spielt Tennis&#8220;<\/p>\n\n\n\n<p style=\"font-size:16px\"><strong>28. September:<\/strong> Saisonabschluss<\/p>\n<\/div><\/div>\n\n\n\n<p class=\"has-background\" style=\"background-color:#faeb487a\"><em><mark style=\"background-color:rgba(0, 0, 0, 0)\" class=\"has-inline-color has-quaternary-color\"><strong>Achtung!<\/strong> Wegen einer Terminkollision mit dem Symphonic Rock&#8217;n&#8217;Jazz haben wir den Saisonabschluss von Samstag auf den Sonntag verschoben.<\/mark><\/em><\/p>\n\n\n\n<p>Wie immer erfahrt ihr alle wichtigen Details rechtzeitig hier, \u00fcber den Newsletter, unsere WhatsApp-Infogruppe und im Infokasten an Platz 10.<\/p>\n\n\n\n<hr class=\"wp-block-separator has-alpha-channel-opacity is-style-dots\"\/>\n\n\n\n<h3 class=\"wp-block-heading\">Einladung an unsere jungen Abteilungsmitglieder<\/h3>\n\n\n\n<p class=\"has-text-align-center has-quinary-background-color has-text-color has-background has-link-color wp-elements-1cc8cab5db2f839b5b5ad172c2975c7a\" style=\"color:#b9110e;font-size:16px\"><strong>\u00c4nderung: Treffpunkt f\u00fcr die JHV ist der Raum Tiebreak.<br>Bitte meldet euch f\u00fcr das Night-Fun-Turnier unter <a href=\"mailto:info@ts-amir.de\">info@ts-amir.de<\/a> an.<\/strong><\/p>\n\n\n\n<figure class=\"wp-block-image size-full\"><img loading=\"lazy\" decoding=\"async\" width=\"1654\" height=\"2339\" src=\"https:\/\/tennis.sg-weiterstadt.de\/wp-content\/uploads\/2025\/11\/Jugend-JHV_Night-Fun_2025.png\" alt=\"\" class=\"wp-image-1761\" srcset=\"https:\/\/tennis.sg-weiterstadt.de\/wp-content\/uploads\/2025\/11\/Jugend-JHV_Night-Fun_2025.png 1654w, https:\/\/tennis.sg-weiterstadt.de\/wp-content\/uploads\/2025\/11\/Jugend-JHV_Night-Fun_2025-212x300.png 212w, https:\/\/tennis.sg-weiterstadt.de\/wp-content\/uploads\/2025\/11\/Jugend-JHV_Night-Fun_2025-724x1024.png 724w, https:\/\/tennis.sg-weiterstadt.de\/wp-content\/uploads\/2025\/11\/Jugend-JHV_Night-Fun_2025-768x1086.png 768w, https:\/\/tennis.sg-weiterstadt.de\/wp-content\/uploads\/2025\/11\/Jugend-JHV_Night-Fun_2025-1086x1536.png 1086w, https:\/\/tennis.sg-weiterstadt.de\/wp-content\/uploads\/2025\/11\/Jugend-JHV_Night-Fun_2025-1448x2048.png 1448w, https:\/\/tennis.sg-weiterstadt.de\/wp-content\/uploads\/2025\/11\/Jugend-JHV_Night-Fun_2025-1600x2263.png 1600w\" sizes=\"auto, (max-width: 1654px) 100vw, 1654px\" \/><\/figure>\n\n\n\n<hr class=\"wp-block-separator has-alpha-channel-opacity is-style-dots\"\/>\n\n\n\n<h3 class=\"wp-block-heading\">Saisonabschluss am 28. September<\/h3>\n\n\n\n<p>Hiermit laden wir unsere Mitglieder herzlich zum Saisonabschluss am <strong>Sonntag, den 28. September <\/strong>ein.<\/p>\n\n\n\n<p><strong>Beginn: 11 Uhr<\/strong><\/p>\n\n\n\n<p>Dieses Jahr lassen wir es mal etwas anders ausklingen: beim <strong>Fr\u00fchschoppen<\/strong> mit Wei\u00dfwurst und Obatzda sto\u00dfen wir gemeinsam auf eine gelungene Sommersaison an. Wie immer sind eure k\u00f6stlichen <strong>Salatspenden erw\u00fcnscht<\/strong>, um das Beilagenbuffet zu bereichern &#x1f957;<\/p>\n\n\n\n<p>Beim bunt zugelosten <strong>Doppelturnier<\/strong> gibt es f\u00fcr die Sieger-Paarungen auch etwas zu gewinnen &#x1f3c6;<\/p>\n\n\n\n<p>Wir freuen uns auf euch!<\/p>\n\n\n\n<hr class=\"wp-block-separator has-alpha-channel-opacity is-style-dots\"\/>\n\n\n\n<h3 class=\"wp-block-heading\">Anmeldung zum Wintertraining<\/h3>\n\n\n\n<p><\/p>\n\n\n\n<p>Ab dem 1. Oktober \u00fcbernimmt die <strong>Tennisschule Amir Reza<\/strong> den Trainingsbetrieb, also Gruppen- und Mannschaftseinteilung sowie alles rund um Schnuppern und Tenniscamps.<\/p>\n\n\n\n<p>Wer am <strong>Wintertraining<\/strong> teilnehmen m\u00f6chte, muss sich <strong>bis sp\u00e4testens 01.10.<\/strong> daf\u00fcr anmelden!<br>Telefon: 01624207661<br>E-Mail:&nbsp;<a href=\"mailto:info@ts-amir.de\">info@ts-amir.de<\/a><br>Website:&nbsp;<a href=\"https:\/\/www.ts-amir.de\/\">www.ts-amir.de<\/a><\/p>\n\n\n\n<p>Du konntest beim Infoabend am 10.09. nicht dabei sein? Kein Problem! Die wichtigsten Informationen haben wir dir hier zusammengefasst:<\/p>\n\n\n\n<div class=\"wp-block-file\"><a id=\"wp-block-file--media-a7f8611b-aa3b-4930-ae35-a3c3d30dd3ec\" href=\"https:\/\/tennis.sg-weiterstadt.de\/wp-content\/uploads\/2025\/09\/Uebersicht-Tennisschule-Amir.pdf\"><strong>Infoblatt zur Tennisschule Amir<\/strong><\/a><a href=\"https:\/\/tennis.sg-weiterstadt.de\/wp-content\/uploads\/2025\/09\/Uebersicht-Tennisschule-Amir.pdf\" class=\"wp-block-file__button wp-element-button\" download aria-describedby=\"wp-block-file--media-a7f8611b-aa3b-4930-ae35-a3c3d30dd3ec\">Herunterladen<\/a><\/div>\n\n\n\n<div style=\"height:23px\" aria-hidden=\"true\" class=\"wp-block-spacer\"><\/div>\n\n\n\n<p><strong>Zusatzinfo:<\/strong> Ihr erhaltet die Rechnung f\u00fcr das Training ab sofort vor Trainingsbeginn, es l\u00e4uft alles \u00fcber die Tennisschule. Das Zahlungsziel liegt bei 14 Tagen nach Erhalt der Rechnung per E-Mail.<\/p>\n\n\n\n<hr class=\"wp-block-separator has-alpha-channel-opacity is-style-dots\"\/>\n\n\n\n<h3 class=\"wp-block-heading\">Infoabend &#8211; Tennisschule Amir stellt sich vor<\/h3>\n\n\n\n<p>Ab dem 1. Oktober \u00fcbernimmt die <strong>Tennisschule Amir Reza<\/strong> den Trainingsbetrieb, also Gruppen- und Mannschaftseinteilung sowie alles rund um Schnuppern und Tenniscamps.<\/p>\n\n\n\n<p>Das wirft sicherlich einige Fragen bei euch auf, mitunter:<\/p>\n\n\n\n<ul class=\"wp-block-list\">\n<li>Wie geht es jetzt mit dem Training weiter?<\/li>\n\n\n\n<li>Was f\u00fcr Kosten erwarten mich?<\/li>\n\n\n\n<li>Welche weiteren Ver\u00e4nderungen kommen auf mich zu?<\/li>\n<\/ul>\n\n\n\n<p>Um diese und weitere Fragen zu kl\u00e4ren, m\u00f6chten wir alle Abteilungsmitglieder am <strong>Mittwoch, den<\/strong> <strong>10.09. um 20 Uhr in den Raum Verneuil<\/strong> zu einem Infoabend mit Amir und uns einladen.<\/p>\n\n\n\n<p>Ihr k\u00f6nnt euch gerne vorab \u00fcber die Tennisschule auf ihrer <a href=\"https:\/\/www.ts-amir.de\/\">Homepage<\/a> informieren.<br>Oder lernt Amir bereits am <strong>Tag der offenen T\u00fcr am 07.09.<\/strong> in der Tennishalle pers\u00f6nlich kennen!<br><br>Euer Abteilungsvorstand<\/p>\n\n\n\n<hr class=\"wp-block-separator has-alpha-channel-opacity is-style-dots\"\/>\n\n\n<div class=\"wp-block-image\">\n<figure class=\"aligncenter size-large is-resized\"><img loading=\"lazy\" decoding=\"async\" width=\"709\" height=\"1024\" src=\"https:\/\/tennis.sg-weiterstadt.de\/wp-content\/uploads\/2025\/06\/Sommercamp-2025-Mia-709x1024.jpg\" alt=\"\" class=\"wp-image-1651\" style=\"width:550px;height:auto\" srcset=\"https:\/\/tennis.sg-weiterstadt.de\/wp-content\/uploads\/2025\/06\/Sommercamp-2025-Mia-709x1024.jpg 709w, https:\/\/tennis.sg-weiterstadt.de\/wp-content\/uploads\/2025\/06\/Sommercamp-2025-Mia-208x300.jpg 208w, https:\/\/tennis.sg-weiterstadt.de\/wp-content\/uploads\/2025\/06\/Sommercamp-2025-Mia.jpg 720w\" sizes=\"auto, (max-width: 709px) 100vw, 709px\" \/><\/figure>\n<\/div>\n\n\n<hr class=\"wp-block-separator has-alpha-channel-opacity is-style-dots\"\/>\n\n\n<div class=\"wp-block-image\">\n<figure class=\"aligncenter size-full\"><img loading=\"lazy\" decoding=\"async\" width=\"557\" height=\"790\" src=\"https:\/\/tennis.sg-weiterstadt.de\/wp-content\/uploads\/2025\/06\/Sommercamps-2025-Mario.jpg\" alt=\"\" class=\"wp-image-1648\" srcset=\"https:\/\/tennis.sg-weiterstadt.de\/wp-content\/uploads\/2025\/06\/Sommercamps-2025-Mario.jpg 557w, https:\/\/tennis.sg-weiterstadt.de\/wp-content\/uploads\/2025\/06\/Sommercamps-2025-Mario-212x300.jpg 212w\" sizes=\"auto, (max-width: 557px) 100vw, 557px\" \/><\/figure>\n<\/div>\n\n\n<hr class=\"wp-block-separator has-alpha-channel-opacity is-style-dots\"\/>\n\n\n\n<h3 class=\"wp-block-heading\">Tennisfreunde \u00fcber L\u00e4ndergrenzen hinweg<\/h3>\n\n\n\n<p>\u00dcber das Himmelfahrtswochenende stand f\u00fcr ca. 30 Mitglieder der Tennisabteilung der Sportgemeinde Weiterstadt nicht nur der Sport, sondern vor allem die deutsch-franz\u00f6sische Freundschaft im Mittelpunkt: Die Gruppe folgte der Einladung des Tennisclubs der Partnerstadt Verneuil-sur-Seine und verbrachte dort drei ereignisreiche Tage voller Tennis, Kultur und Herzlichkeit.<\/p>\n\n\n\n<p>Gleich nach der freundlichen Begr\u00fc\u00dfung wurde zun\u00e4chst gemeinsam gegrillt &#8211; ganz im franz\u00f6sischen Stil gab es als Nachtisch K\u00e4se und Kuchen. Gleich danach startete ein gemeinsames Doppelturnier mit international gemischten Teams beider Vereine. Der Abend klang sportlich aus: Beim gemeinsamen Bowling wurde weiter gelacht, gespielt und Freundschaft gepflegt.<\/p>\n\n\n\n<figure class=\"wp-block-image size-large\"><img loading=\"lazy\" decoding=\"async\" width=\"768\" height=\"1024\" src=\"https:\/\/tennis.sg-weiterstadt.de\/wp-content\/uploads\/2025\/06\/RG-2025-768x1024.jpg\" alt=\"\" class=\"wp-image-1645\" srcset=\"https:\/\/tennis.sg-weiterstadt.de\/wp-content\/uploads\/2025\/06\/RG-2025-768x1024.jpg 768w, https:\/\/tennis.sg-weiterstadt.de\/wp-content\/uploads\/2025\/06\/RG-2025-225x300.jpg 225w, https:\/\/tennis.sg-weiterstadt.de\/wp-content\/uploads\/2025\/06\/RG-2025-1152x1536.jpg 1152w, https:\/\/tennis.sg-weiterstadt.de\/wp-content\/uploads\/2025\/06\/RG-2025.jpg 1200w\" sizes=\"auto, (max-width: 768px) 100vw, 768px\" \/><\/figure>\n\n\n\n<p>Ein besonderes Highlight erwartete die Tennisfreunde am Freitag: Gemeinsam ging es nach Paris zum ber\u00fchmten Grand-Slam-Turnier <strong>Roland Garros<\/strong>. Dank der Organisation der franz\u00f6sischen Gastgeber konnte die gesamte Gruppe den Tag \u00fcber auf dem Court Suzanne-Lenglen hochklassiges Damen- und Herrentennis live erleben. Auf den Nebenpl\u00e4tzen bekamen die Tennisbegeisterten zudem spannende Matches und Trainings bekannter Profis zu sehen \u2013 darunter auch ein Spiel des deutschen Spielers Daniel Altmaier, der sich gegen einen russischen Gegner in drei S\u00e4tzen durchsetzte. F\u00fcr die jugendlichen Spieler war dieser Tag ein unvergessliches Erlebnis und eine gro\u00dfe Motivation f\u00fcr den eigenen Sport. Am Abend wurde in Verneuil gemeinsam Pizza gegessen \u2013 inspiriert vom Tagesprogramm wurde sogar noch spontan auf dem Platz weitergespielt.<\/p>\n\n\n\n<figure class=\"wp-block-image size-large\"><img loading=\"lazy\" decoding=\"async\" width=\"1024\" height=\"768\" src=\"https:\/\/tennis.sg-weiterstadt.de\/wp-content\/uploads\/2025\/06\/Verneuil-2025-RG-1024x768.jpg\" alt=\"\" class=\"wp-image-1644\" srcset=\"https:\/\/tennis.sg-weiterstadt.de\/wp-content\/uploads\/2025\/06\/Verneuil-2025-RG-1024x768.jpg 1024w, https:\/\/tennis.sg-weiterstadt.de\/wp-content\/uploads\/2025\/06\/Verneuil-2025-RG-300x225.jpg 300w, https:\/\/tennis.sg-weiterstadt.de\/wp-content\/uploads\/2025\/06\/Verneuil-2025-RG-768x576.jpg 768w, https:\/\/tennis.sg-weiterstadt.de\/wp-content\/uploads\/2025\/06\/Verneuil-2025-RG-1536x1152.jpg 1536w, https:\/\/tennis.sg-weiterstadt.de\/wp-content\/uploads\/2025\/06\/Verneuil-2025-RG.jpg 1600w\" sizes=\"auto, (max-width: 1024px) 100vw, 1024px\" \/><\/figure>\n\n\n\n<p>Der Samstag begann sportlich mit einem deutsch-franz\u00f6sischen Turnier, bevor es am Nachmittag ins prachtvolle Schloss <strong>Versailles<\/strong> ging \u2013 ein kultureller H\u00f6hepunkt der Reise. Zur\u00fcck auf der Tennisanlage wurde erneut gespielt, ehe der Tag mit einem gemeinsamen Abendessen auf dem Sportgel\u00e4nde ausklang. Mit dabei waren auch Mitglieder der Weiterst\u00e4dter Basketballabteilung, die zeitgleich die Partnerstadt besuchten \u2013 ein sch\u00f6nes Beispiel gelebter St\u00e4dtepartnerschaft \u00fcber die Abteilungsgrenzen hinweg.<\/p>\n\n\n\n<figure class=\"wp-block-image size-large\"><img loading=\"lazy\" decoding=\"async\" width=\"1024\" height=\"768\" src=\"https:\/\/tennis.sg-weiterstadt.de\/wp-content\/uploads\/2025\/06\/Verneuil-2025-vor-Versailles-1024x768.jpg\" alt=\"\" class=\"wp-image-1643\" srcset=\"https:\/\/tennis.sg-weiterstadt.de\/wp-content\/uploads\/2025\/06\/Verneuil-2025-vor-Versailles-1024x768.jpg 1024w, https:\/\/tennis.sg-weiterstadt.de\/wp-content\/uploads\/2025\/06\/Verneuil-2025-vor-Versailles-300x225.jpg 300w, https:\/\/tennis.sg-weiterstadt.de\/wp-content\/uploads\/2025\/06\/Verneuil-2025-vor-Versailles-768x576.jpg 768w, https:\/\/tennis.sg-weiterstadt.de\/wp-content\/uploads\/2025\/06\/Verneuil-2025-vor-Versailles-1536x1152.jpg 1536w, https:\/\/tennis.sg-weiterstadt.de\/wp-content\/uploads\/2025\/06\/Verneuil-2025-vor-Versailles.jpg 1600w\" sizes=\"auto, (max-width: 1024px) 100vw, 1024px\" \/><\/figure>\n\n\n\n<p>Am Sonntagmorgen hie\u00df es Abschied nehmen. Mit vielen neuen Eindr\u00fccken, sportlichen Erfahrungen und gest\u00e4rkten Freundschaften im Gep\u00e4ck traten die Weiterst\u00e4dter die Heimreise an. Alle Beteiligten waren sich einig: Der Besuch war ein voller Erfolg \u2013 und ein Wiedersehen ist bereits geplant. Im Jahr <strong>2026<\/strong> soll der Gegenbesuch der franz\u00f6sischen Tennisfreunde in Weiterstadt stattfinden.<\/p>\n\n\n\n<p>Ein Wochenende, das eindrucksvoll zeigte, wie Sport Menschen verbindet \u2013 \u00fcber Sprachbarrieren und Landesgrenzen hinweg.<\/p>\n\n\n\n<hr class=\"wp-block-separator has-alpha-channel-opacity is-style-dots\"\/>\n\n\n\n<h3 class=\"wp-block-heading\">Einladung zur Saisoner\u00f6ffnung 2025<\/h3>\n\n\n\n<p>Sonnenbrille raus, Tennisschl\u00e4ger z\u00fccken und es kann losgehen! &#x1f60e;&#x2600;&#xfe0f;<\/p>\n\n\n\n<p>Hiermit m\u00f6chten wir euch offiziell zur Saisoner\u00f6ffnung <strong>am 26. April um 10.30 Uhr<\/strong> einladen! Bei hoffentlich strahlendem Sonnenschein begr\u00fc\u00dfen wir unsere Mitglieder auf den Sandpl\u00e4tzen. <\/p>\n\n\n\n<p>Insbesondere alle Neumitglieder m\u00f6chten wir zum Vorbeischauen ermutigen &#8211; eine bessere Gelegenheit zum Kennenlernen gibt es nicht! Dieses Jahr begleitet mit Gutem vom Grill und einer ordentlichen Portion Tennis.  &#x1f32d;&#x1f3be;<br><br>Wie immer sind eure k\u00f6stlichen <strong>Salat- und Nachtischspenden erw\u00fcnscht<\/strong>, um das Beilagenbuffet zu bereichern! &#x1f957;&#x1f370;<br><br>Wir freuen uns auf euch!<\/p>\n\n\n\n<hr class=\"wp-block-separator has-alpha-channel-opacity is-style-dots\"\/>\n\n\n\n<h3 class=\"wp-block-heading\">Kurzbericht zur Jahreshauptversammlung 2025<\/h3>\n\n\n\n<p>Nach einem R\u00fcckblick auf 2024 gab es auch einen kurzen Ausblick auf 2025. Neben einer Grundsanierung der Au\u00dfenpl\u00e4tze im Fr\u00fchjahr werden ab der Sommersaison \u00fcberarbeitete und vereinfachte <a href=\"https:\/\/tennis.sg-weiterstadt.de\/?page_id=596\" data-type=\"page\" data-id=\"596\">Trainingskosten<\/a> eingef\u00fchrt. <br>Nach einer Aussprache zu den Berichten der Vorstandsmitglieder wurde unter einem gesonderten Tagespunkt alle engagierten HelferInnen gedankt. Insbesondere wurden die Organisatoren des traditionellen Herren-Doppelturniers und unsere Sponsoren genannt. Weiterhin erhielten Vertreter der letztj\u00e4hrigen Aufsteiger bei der Team Tennis Runde ein Pr\u00e4sent.<br>Auf einen Vorschlag aus den Mitgliederreihen wurde beschlossen, dass Abteilungsveranstaltungen zuk\u00fcnftig im Rotationssystem von den gemeldeten aktiven Mannschaften organisiert und durchgef\u00fchrt werden. Nat\u00fcrlich erhalten die Mannschaften Unterst\u00fctzung von erfahrenen Organisatoren.<br><br>Interessierte Mitglieder k\u00f6nnen das vollst\u00e4ndige Protokoll gerne beim Vorstand unter <a href=\"mailto:tennis@sg-weiterstadt.de\">tennis@sg-weiterstadt.de<\/a> anfragen. <\/p>\n","protected":false},"excerpt":{"rendered":"<p>Night-Fun-Turnier 2025 Etwa 15 Kinder und Jugendliche haben am 16. Dezember vor der Weihnachtspause den Hallenboden nochmal ordentlich aufgewirbelt! In&hellip;<\/p>\n","protected":false},"author":1,"featured_media":0,"parent":0,"menu_order":0,"comment_status":"closed","ping_status":"closed","template":"","meta":{"footnotes":""},"class_list":["post-1671","page","type-page","status-publish","hentry"],"_links":{"self":[{"href":"https:\/\/tennis.sg-weiterstadt.de\/index.php?rest_route=\/wp\/v2\/pages\/1671","targetHints":{"allow":["GET"]}}],"collection":[{"href":"https:\/\/tennis.sg-weiterstadt.de\/index.php?rest_route=\/wp\/v2\/pages"}],"about":[{"href":"https:\/\/tennis.sg-weiterstadt.de\/index.php?rest_route=\/wp\/v2\/types\/page"}],"author":[{"embeddable":true,"href":"https:\/\/tennis.sg-weiterstadt.de\/index.php?rest_route=\/wp\/v2\/users\/1"}],"replies":[{"embeddable":true,"href":"https:\/\/tennis.sg-weiterstadt.de\/index.php?rest_route=%2Fwp%2Fv2%2Fcomments&post=1671"}],"version-history":[{"count":11,"href":"https:\/\/tennis.sg-weiterstadt.de\/index.php?rest_route=\/wp\/v2\/pages\/1671\/revisions"}],"predecessor-version":[{"id":1836,"href":"https:\/\/tennis.sg-weiterstadt.de\/index.php?rest_route=\/wp\/v2\/pages\/1671\/revisions\/1836"}],"wp:attachment":[{"href":"https:\/\/tennis.sg-weiterstadt.de\/index.php?rest_route=%2Fwp%2Fv2%2Fmedia&parent=1671"}],"curies":[{"name":"wp","href":"https:\/\/api.w.org\/{rel}","templated":true}]}}